{"id":10,"date":"2023-12-29T13:05:46","date_gmt":"2023-12-29T13:05:46","guid":{"rendered":"https:\/\/reklamacje.cee-egzotarium.sosnowiec.pl\/?page_id=10"},"modified":"2025-02-26T08:59:34","modified_gmt":"2025-02-26T08:59:34","slug":"strona-glowna","status":"publish","type":"page","link":"https:\/\/reklamacje.cee-egzotarium.sosnowiec.pl\/","title":{"rendered":"Strona G\u0142\u00f3wna"},"content":{"rendered":"\t\t<div data-elementor-type=\"wp-page\" data-elementor-id=\"10\" class=\"elementor elementor-10\" data-elementor-post-type=\"page\">\n\t\t\t\t<div class=\"elementor-element elementor-element-cd435f2 e-flex e-con-boxed e-con e-parent\" data-id=\"cd435f2\" data-element_type=\"container\" data-e-type=\"container\">\n\t\t\t\t\t<div class=\"e-con-inner\">\n\t\t<div class=\"elementor-element elementor-element-eedabfb e-con-full e-flex e-con e-child\" data-id=\"eedabfb\" data-element_type=\"container\" data-e-type=\"container\">\n\t\t\t\t<div class=\"elementor-element elementor-element-ed2ed7f elementor-widget elementor-widget-image\" data-id=\"ed2ed7f\" data-element_type=\"widget\" data-e-type=\"widget\" data-widget_type=\"image.default\">\n\t\t\t\t<div class=\"elementor-widget-container\">\n\t\t\t\t\t\t\t\t\t\t\t\t\t\t\t<img decoding=\"async\" width=\"120\" height=\"110\" src=\"https:\/\/reklamacje.cee-egzotarium.sosnowiec.pl\/wp-content\/uploads\/2023\/12\/logo-05be0b47.png\" class=\"attachment-large size-large wp-image-15\" alt=\"\" \/>\t\t\t\t\t\t\t\t\t\t\t\t\t\t\t<\/div>\n\t\t\t\t<\/div>\n\t\t\t\t<\/div>\n\t\t<div class=\"elementor-element elementor-element-817cdf4 e-con-full e-flex e-con e-child\" data-id=\"817cdf4\" data-element_type=\"container\" data-e-type=\"container\">\n\t\t\t\t<div class=\"elementor-element elementor-element-96c4dc9 elementor-widget elementor-widget-heading\" data-id=\"96c4dc9\" data-element_type=\"widget\" data-e-type=\"widget\" data-widget_type=\"heading.default\">\n\t\t\t\t<div class=\"elementor-widget-container\">\n\t\t\t\t\t<h2 class=\"elementor-heading-title elementor-size-default\">Witaj<\/h2>\t\t\t\t<\/div>\n\t\t\t\t<\/div>\n\t\t\t\t<div class=\"elementor-element elementor-element-ef5234d elementor-widget elementor-widget-text-editor\" data-id=\"ef5234d\" data-element_type=\"widget\" data-e-type=\"widget\" data-widget_type=\"text-editor.default\">\n\t\t\t\t<div class=\"elementor-widget-container\">\n\t\t\t\t\t\t\t\t\t<p>w systemie reklamacji bilet\u00f3w do Egzotarium w Sosnowcu.<\/p>\t\t\t\t\t\t\t\t<\/div>\n\t\t\t\t<\/div>\n\t\t\t\t<\/div>\n\t\t\t\t\t<\/div>\n\t\t\t\t<\/div>\n\t\t<div class=\"elementor-element elementor-element-937ad9c e-flex e-con-boxed e-con e-parent\" data-id=\"937ad9c\" data-element_type=\"container\" data-e-type=\"container\" data-settings=\"{&quot;background_background&quot;:&quot;classic&quot;}\">\n\t\t\t\t\t<div class=\"e-con-inner\">\n\t\t\t\t<div class=\"elementor-element elementor-element-a5024ed elementor-widget elementor-widget-heading\" data-id=\"a5024ed\" data-element_type=\"widget\" data-e-type=\"widget\" data-widget_type=\"heading.default\">\n\t\t\t\t<div class=\"elementor-widget-container\">\n\t\t\t\t\t<h2 class=\"elementor-heading-title elementor-size-default\">Zanim zrobisz zg\u0142oszenie reklamacyjne<\/h2>\t\t\t\t<\/div>\n\t\t\t\t<\/div>\n\t\t\t\t<div class=\"elementor-element elementor-element-0be7282 elementor-widget elementor-widget-text-editor\" data-id=\"0be7282\" data-element_type=\"widget\" data-e-type=\"widget\" data-widget_type=\"text-editor.default\">\n\t\t\t\t<div class=\"elementor-widget-container\">\n\t\t\t\t\t\t\t\t\t<p>Po\u015bwi\u0119\u0107 chwil\u0119 czasu i sprawd\u017a nasz dzia\u0142 z najcz\u0119\u015bciej zadawanymi pytaniami.\u00a0<\/p>\t\t\t\t\t\t\t\t<\/div>\n\t\t\t\t<\/div>\n\t\t\t\t<div class=\"elementor-element elementor-element-575595e elementor-widget elementor-widget-accordion\" data-id=\"575595e\" data-element_type=\"widget\" data-e-type=\"widget\" data-widget_type=\"accordion.default\">\n\t\t\t\t<div class=\"elementor-widget-container\">\n\t\t\t\t\t\t\t<div class=\"elementor-accordion\">\n\t\t\t\t\t\t\t<div class=\"elementor-accordion-item\">\n\t\t\t\t\t<div id=\"elementor-tab-title-9151\" class=\"elementor-tab-title\" data-tab=\"1\" role=\"button\" aria-controls=\"elementor-tab-content-9151\" aria-expanded=\"false\">\n\t\t\t\t\t\t\t\t\t\t\t\t\t<span class=\"elementor-accordion-icon elementor-accordion-icon-left\" aria-hidden=\"true\">\n\t\t\t\t\t\t\t\t\t\t\t\t\t\t\t<span class=\"elementor-accordion-icon-closed\"><svg class=\"e-font-icon-svg e-fas-plus\" viewBox=\"0 0 448 512\" xmlns=\"http:\/\/www.w3.org\/2000\/svg\"><path d=\"M416 208H272V64c0-17.67-14.33-32-32-32h-32c-17.67 0-32 14.33-32 32v144H32c-17.67 0-32 14.33-32 32v32c0 17.67 14.33 32 32 32h144v144c0 17.67 14.33 32 32 32h32c17.67 0 32-14.33 32-32V304h144c17.67 0 32-14.33 32-32v-32c0-17.67-14.33-32-32-32z\"><\/path><\/svg><\/span>\n\t\t\t\t\t\t\t\t<span class=\"elementor-accordion-icon-opened\"><svg class=\"e-font-icon-svg e-fas-minus\" viewBox=\"0 0 448 512\" xmlns=\"http:\/\/www.w3.org\/2000\/svg\"><path d=\"M416 208H32c-17.67 0-32 14.33-32 32v32c0 17.67 14.33 32 32 32h384c17.67 0 32-14.33 32-32v-32c0-17.67-14.33-32-32-32z\"><\/path><\/svg><\/span>\n\t\t\t\t\t\t\t\t\t\t\t\t\t\t<\/span>\n\t\t\t\t\t\t\t\t\t\t\t\t<a class=\"elementor-accordion-title\" tabindex=\"0\">Zakupi\u0142em bilet przez internet i go nie dosta\u0142em<\/a>\n\t\t\t\t\t<\/div>\n\t\t\t\t\t<div id=\"elementor-tab-content-9151\" class=\"elementor-tab-content elementor-clearfix\" data-tab=\"1\" role=\"region\" aria-labelledby=\"elementor-tab-title-9151\"><p>Sprawd\u017a w pierwszej kolejno\u015bci dodatkowe foldery na Twojej poczcie elektronicznej &#8211; SPAM, OFERTY, REKLAMY. Mo\u017ce si\u0119 okaza\u0107, \u017ce Tw\u00f3j dostawca poczty zakwalifikowa\u0142 wiadomo\u015b\u0107 z biletem jako np. spam.\u00a0<\/p><p>Je\u015bli nie masz wiadomo\u015bci z biletem, skontaktuj si\u0119 z nami za pomoc\u0105 <a href=\"#formularz\">formularza<\/a>.<\/p><\/div>\n\t\t\t\t<\/div>\n\t\t\t\t\t\t\t<div class=\"elementor-accordion-item\">\n\t\t\t\t\t<div id=\"elementor-tab-title-9152\" class=\"elementor-tab-title\" data-tab=\"2\" role=\"button\" aria-controls=\"elementor-tab-content-9152\" aria-expanded=\"false\">\n\t\t\t\t\t\t\t\t\t\t\t\t\t<span class=\"elementor-accordion-icon elementor-accordion-icon-left\" aria-hidden=\"true\">\n\t\t\t\t\t\t\t\t\t\t\t\t\t\t\t<span class=\"elementor-accordion-icon-closed\"><svg class=\"e-font-icon-svg e-fas-plus\" viewBox=\"0 0 448 512\" xmlns=\"http:\/\/www.w3.org\/2000\/svg\"><path d=\"M416 208H272V64c0-17.67-14.33-32-32-32h-32c-17.67 0-32 14.33-32 32v144H32c-17.67 0-32 14.33-32 32v32c0 17.67 14.33 32 32 32h144v144c0 17.67 14.33 32 32 32h32c17.67 0 32-14.33 32-32V304h144c17.67 0 32-14.33 32-32v-32c0-17.67-14.33-32-32-32z\"><\/path><\/svg><\/span>\n\t\t\t\t\t\t\t\t<span class=\"elementor-accordion-icon-opened\"><svg class=\"e-font-icon-svg e-fas-minus\" viewBox=\"0 0 448 512\" xmlns=\"http:\/\/www.w3.org\/2000\/svg\"><path d=\"M416 208H32c-17.67 0-32 14.33-32 32v32c0 17.67 14.33 32 32 32h384c17.67 0 32-14.33 32-32v-32c0-17.67-14.33-32-32-32z\"><\/path><\/svg><\/span>\n\t\t\t\t\t\t\t\t\t\t\t\t\t\t<\/span>\n\t\t\t\t\t\t\t\t\t\t\t\t<a class=\"elementor-accordion-title\" tabindex=\"0\">Usun\u0105\u0142em sw\u00f3j bilet<\/a>\n\t\t\t\t\t<\/div>\n\t\t\t\t\t<div id=\"elementor-tab-content-9152\" class=\"elementor-tab-content elementor-clearfix\" data-tab=\"2\" role=\"region\" aria-labelledby=\"elementor-tab-title-9152\"><p>Wi\u0119kszo\u015b\u0107 dostawc\u00f3w poczty e-mail, nie usuwa od razu wiadomo\u015bci tylko przenosi j\u0105 do kosza. Sprawd\u017a zawarto\u015b\u0107 folderu kosz lub elementy usuni\u0119te.<\/p><p>Je\u015bli nie znalaz\u0142e\u015b swojej wiadomo\u015bci skorzystaj z naszego <a href=\"#formularz\">formularza<\/a>.<\/p><\/div>\n\t\t\t\t<\/div>\n\t\t\t\t\t\t\t<div class=\"elementor-accordion-item\">\n\t\t\t\t\t<div id=\"elementor-tab-title-9153\" class=\"elementor-tab-title\" data-tab=\"3\" role=\"button\" aria-controls=\"elementor-tab-content-9153\" aria-expanded=\"false\">\n\t\t\t\t\t\t\t\t\t\t\t\t\t<span class=\"elementor-accordion-icon elementor-accordion-icon-left\" aria-hidden=\"true\">\n\t\t\t\t\t\t\t\t\t\t\t\t\t\t\t<span class=\"elementor-accordion-icon-closed\"><svg class=\"e-font-icon-svg e-fas-plus\" viewBox=\"0 0 448 512\" xmlns=\"http:\/\/www.w3.org\/2000\/svg\"><path d=\"M416 208H272V64c0-17.67-14.33-32-32-32h-32c-17.67 0-32 14.33-32 32v144H32c-17.67 0-32 14.33-32 32v32c0 17.67 14.33 32 32 32h144v144c0 17.67 14.33 32 32 32h32c17.67 0 32-14.33 32-32V304h144c17.67 0 32-14.33 32-32v-32c0-17.67-14.33-32-32-32z\"><\/path><\/svg><\/span>\n\t\t\t\t\t\t\t\t<span class=\"elementor-accordion-icon-opened\"><svg class=\"e-font-icon-svg e-fas-minus\" viewBox=\"0 0 448 512\" xmlns=\"http:\/\/www.w3.org\/2000\/svg\"><path d=\"M416 208H32c-17.67 0-32 14.33-32 32v32c0 17.67 14.33 32 32 32h384c17.67 0 32-14.33 32-32v-32c0-17.67-14.33-32-32-32z\"><\/path><\/svg><\/span>\n\t\t\t\t\t\t\t\t\t\t\t\t\t\t<\/span>\n\t\t\t\t\t\t\t\t\t\t\t\t<a class=\"elementor-accordion-title\" tabindex=\"0\">Na moim telefonie nie mam kodu kreskowego. Widz\u0119 tylko czarny prostok\u0105t.<\/a>\n\t\t\t\t\t<\/div>\n\t\t\t\t\t<div id=\"elementor-tab-content-9153\" class=\"elementor-tab-content elementor-clearfix\" data-tab=\"3\" role=\"region\" aria-labelledby=\"elementor-tab-title-9153\"><p>Taki problem wyst\u0119puje na niekt\u00f3rych modelach oppo i xiaomi. Otw\u00f3rz sw\u00f3j bilet za pomoc\u0105 innej aplikacji w telefonie. Mo\u017cesz r\u00f3wnie\u017c wydrukowa\u0107 sw\u00f3j bilet.\u00a0<\/p><\/div>\n\t\t\t\t<\/div>\n\t\t\t\t\t\t\t<div class=\"elementor-accordion-item\">\n\t\t\t\t\t<div id=\"elementor-tab-title-9154\" class=\"elementor-tab-title\" data-tab=\"4\" role=\"button\" aria-controls=\"elementor-tab-content-9154\" aria-expanded=\"false\">\n\t\t\t\t\t\t\t\t\t\t\t\t\t<span class=\"elementor-accordion-icon elementor-accordion-icon-left\" aria-hidden=\"true\">\n\t\t\t\t\t\t\t\t\t\t\t\t\t\t\t<span class=\"elementor-accordion-icon-closed\"><svg class=\"e-font-icon-svg e-fas-plus\" viewBox=\"0 0 448 512\" xmlns=\"http:\/\/www.w3.org\/2000\/svg\"><path d=\"M416 208H272V64c0-17.67-14.33-32-32-32h-32c-17.67 0-32 14.33-32 32v144H32c-17.67 0-32 14.33-32 32v32c0 17.67 14.33 32 32 32h144v144c0 17.67 14.33 32 32 32h32c17.67 0 32-14.33 32-32V304h144c17.67 0 32-14.33 32-32v-32c0-17.67-14.33-32-32-32z\"><\/path><\/svg><\/span>\n\t\t\t\t\t\t\t\t<span class=\"elementor-accordion-icon-opened\"><svg class=\"e-font-icon-svg e-fas-minus\" viewBox=\"0 0 448 512\" xmlns=\"http:\/\/www.w3.org\/2000\/svg\"><path d=\"M416 208H32c-17.67 0-32 14.33-32 32v32c0 17.67 14.33 32 32 32h384c17.67 0 32-14.33 32-32v-32c0-17.67-14.33-32-32-32z\"><\/path><\/svg><\/span>\n\t\t\t\t\t\t\t\t\t\t\t\t\t\t<\/span>\n\t\t\t\t\t\t\t\t\t\t\t\t<a class=\"elementor-accordion-title\" tabindex=\"0\">Czy mog\u0119 mie\u0107 bilet na telefonie?<\/a>\n\t\t\t\t\t<\/div>\n\t\t\t\t\t<div id=\"elementor-tab-content-9154\" class=\"elementor-tab-content elementor-clearfix\" data-tab=\"4\" role=\"region\" aria-labelledby=\"elementor-tab-title-9154\"><p><strong>Tak!<\/strong> otw\u00f3rz za\u0142\u0105cznik z biletem, rozja\u015bnij maksymalnie ekran i gotowe.<\/p><p>Ale musisz pami\u0119ta\u0107, \u017ce ekran nie mo\u017ce by\u0107 zbity. Mog\u0105 si\u0119 te\u017c pojawi\u0107 problemy z odczytaniem kodu gdy posiadasz na ekranie foli\u0119 prywatyzuj\u0105c\u0105. W takich okoliczno\u015bciach zalecamy wydrukowanie biletu.<\/p><\/div>\n\t\t\t\t<\/div>\n\t\t\t\t\t\t\t\t\t\t<script type=\"application\/ld+json\">{\"@context\":\"https:\\\/\\\/schema.org\",\"@type\":\"FAQPage\",\"mainEntity\":[{\"@type\":\"Question\",\"name\":\"Zakupi\\u0142em bilet przez internet i go nie dosta\\u0142em\",\"acceptedAnswer\":{\"@type\":\"Answer\",\"text\":\"<p>Sprawd\\u017a w pierwszej kolejno\\u015bci dodatkowe foldery na Twojej poczcie elektronicznej &#8211; SPAM, OFERTY, REKLAMY. Mo\\u017ce si\\u0119 okaza\\u0107, \\u017ce Tw\\u00f3j dostawca poczty zakwalifikowa\\u0142 wiadomo\\u015b\\u0107 z biletem jako np. spam.\\u00a0<\\\/p><p>Je\\u015bli nie masz wiadomo\\u015bci z biletem, skontaktuj si\\u0119 z nami za pomoc\\u0105 <a href=\\\"#formularz\\\">formularza<\\\/a>.<\\\/p>\"}},{\"@type\":\"Question\",\"name\":\"Usun\\u0105\\u0142em sw\\u00f3j bilet\",\"acceptedAnswer\":{\"@type\":\"Answer\",\"text\":\"<p>Wi\\u0119kszo\\u015b\\u0107 dostawc\\u00f3w poczty e-mail, nie usuwa od razu wiadomo\\u015bci tylko przenosi j\\u0105 do kosza. Sprawd\\u017a zawarto\\u015b\\u0107 folderu kosz lub elementy usuni\\u0119te.<\\\/p><p>Je\\u015bli nie znalaz\\u0142e\\u015b swojej wiadomo\\u015bci skorzystaj z naszego <a href=\\\"#formularz\\\">formularza<\\\/a>.<\\\/p>\"}},{\"@type\":\"Question\",\"name\":\"Na moim telefonie nie mam kodu kreskowego. Widz\\u0119 tylko czarny prostok\\u0105t.\",\"acceptedAnswer\":{\"@type\":\"Answer\",\"text\":\"<p>Taki problem wyst\\u0119puje na niekt\\u00f3rych modelach oppo i xiaomi. Otw\\u00f3rz sw\\u00f3j bilet za pomoc\\u0105 innej aplikacji w telefonie. Mo\\u017cesz r\\u00f3wnie\\u017c wydrukowa\\u0107 sw\\u00f3j bilet.\\u00a0<\\\/p>\"}},{\"@type\":\"Question\",\"name\":\"Czy mog\\u0119 mie\\u0107 bilet na telefonie?\",\"acceptedAnswer\":{\"@type\":\"Answer\",\"text\":\"<p><strong>Tak!<\\\/strong> otw\\u00f3rz za\\u0142\\u0105cznik z biletem, rozja\\u015bnij maksymalnie ekran i gotowe.<\\\/p><p>Ale musisz pami\\u0119ta\\u0107, \\u017ce ekran nie mo\\u017ce by\\u0107 zbity. Mog\\u0105 si\\u0119 te\\u017c pojawi\\u0107 problemy z odczytaniem kodu gdy posiadasz na ekranie foli\\u0119 prywatyzuj\\u0105c\\u0105. W takich okoliczno\\u015bciach zalecamy wydrukowanie biletu.<\\\/p>\"}}]}<\/script>\n\t\t\t\t\t<\/div>\n\t\t\t\t\t\t<\/div>\n\t\t\t\t<\/div>\n\t\t\t\t\t<\/div>\n\t\t\t\t<\/div>\n\t\t<div class=\"elementor-element elementor-element-217ec0a e-flex e-con-boxed e-con e-parent\" data-id=\"217ec0a\" data-element_type=\"container\" data-e-type=\"container\" data-settings=\"{&quot;background_background&quot;:&quot;classic&quot;}\">\n\t\t\t\t\t<div class=\"e-con-inner\">\n\t\t\t\t<div class=\"elementor-element elementor-element-962bff1 elementor-widget elementor-widget-menu-anchor\" data-id=\"962bff1\" data-element_type=\"widget\" data-e-type=\"widget\" data-widget_type=\"menu-anchor.default\">\n\t\t\t\t<div class=\"elementor-widget-container\">\n\t\t\t\t\t\t\t<div class=\"elementor-menu-anchor\" id=\"formularz\"><\/div>\n\t\t\t\t\t\t<\/div>\n\t\t\t\t<\/div>\n\t\t\t\t<div class=\"elementor-element elementor-element-064078c elementor-widget elementor-widget-heading\" data-id=\"064078c\" data-element_type=\"widget\" data-e-type=\"widget\" data-widget_type=\"heading.default\">\n\t\t\t\t<div class=\"elementor-widget-container\">\n\t\t\t\t\t<h2 class=\"elementor-heading-title elementor-size-default\">Formularz zg\u0142oszenia reklamacji biletu (zakup online)<\/h2>\t\t\t\t<\/div>\n\t\t\t\t<\/div>\n\t\t\t\t<div class=\"elementor-element elementor-element-e2d621b elementor-button-align-stretch elementor-widget elementor-widget-form\" data-id=\"e2d621b\" data-element_type=\"widget\" data-e-type=\"widget\" data-settings=\"{&quot;step_next_label&quot;:&quot;Nast\\u0119pny&quot;,&quot;step_previous_label&quot;:&quot;Poprzedni&quot;,&quot;button_width&quot;:&quot;100&quot;,&quot;step_type&quot;:&quot;number_text&quot;,&quot;step_icon_shape&quot;:&quot;circle&quot;}\" data-widget_type=\"form.default\">\n\t\t\t\t<div class=\"elementor-widget-container\">\n\t\t\t\t\t\t\t<form class=\"elementor-form\" method=\"post\" name=\"Formularz reklamacji online\" aria-label=\"Formularz reklamacji online\">\n\t\t\t<input type=\"hidden\" name=\"post_id\" value=\"10\"\/>\n\t\t\t<input type=\"hidden\" name=\"form_id\" value=\"e2d621b\"\/>\n\t\t\t<input type=\"hidden\" name=\"referer_title\" value=\"\" \/>\n\n\t\t\t\t\t\t\t<input type=\"hidden\" name=\"queried_id\" value=\"10\"\/>\n\t\t\t\n\t\t\t<div class=\"elementor-form-fields-wrapper elementor-labels-above\">\n\t\t\t\t\t\t\t\t<div class=\"elementor-field-type-text elementor-field-group elementor-column elementor-field-group-imienazwisko elementor-col-33 elementor-field-required elementor-mark-required\">\n\t\t\t\t\t\t\t\t\t\t\t\t<label for=\"form-field-imienazwisko\" class=\"elementor-field-label\">\n\t\t\t\t\t\t\t\tPodaj swoje imi\u0119 i nazwisko\t\t\t\t\t\t\t<\/label>\n\t\t\t\t\t\t\t\t\t\t\t\t\t\t<input size=\"1\" type=\"text\" name=\"form_fields[imienazwisko]\" id=\"form-field-imienazwisko\" class=\"elementor-field elementor-size-md  elementor-field-textual\" placeholder=\"Jan Kowalski\" required=\"required\">\n\t\t\t\t\t\t\t\t\t\t\t<\/div>\n\t\t\t\t\t\t\t\t<div class=\"elementor-field-type-email elementor-field-group elementor-column elementor-field-group-email elementor-col-33 elementor-field-required elementor-mark-required\">\n\t\t\t\t\t\t\t\t\t\t\t\t<label for=\"form-field-email\" class=\"elementor-field-label\">\n\t\t\t\t\t\t\t\tJaki adres e-mail poda\u0142e\u015b przy zakupie biletu?\t\t\t\t\t\t\t<\/label>\n\t\t\t\t\t\t\t\t\t\t\t\t\t\t<input size=\"1\" type=\"email\" name=\"form_fields[email]\" id=\"form-field-email\" class=\"elementor-field elementor-size-md  elementor-field-textual\" placeholder=\"jan@kowalski.pl\" required=\"required\">\n\t\t\t\t\t\t\t\t\t\t\t<\/div>\n\t\t\t\t\t\t\t\t<div class=\"elementor-field-type-text elementor-field-group elementor-column elementor-field-group-telefon elementor-col-33 elementor-field-required elementor-mark-required\">\n\t\t\t\t\t\t\t\t\t\t\t\t<label for=\"form-field-telefon\" class=\"elementor-field-label\">\n\t\t\t\t\t\t\t\tJaki numer tel. poda\u0142e\u015b przy zakupie biletu?\t\t\t\t\t\t\t<\/label>\n\t\t\t\t\t\t\t\t\t\t\t\t\t\t<input size=\"1\" type=\"text\" name=\"form_fields[telefon]\" id=\"form-field-telefon\" class=\"elementor-field elementor-size-md  elementor-field-textual\" placeholder=\"500123456\" required=\"required\">\n\t\t\t\t\t\t\t\t\t\t\t<\/div>\n\t\t\t\t\t\t\t\t<div class=\"elementor-field-type-date elementor-field-group elementor-column elementor-field-group-data_zakupu elementor-col-33 elementor-field-required elementor-mark-required\">\n\t\t\t\t\t\t\t\t\t\t\t\t<label for=\"form-field-data_zakupu\" class=\"elementor-field-label\">\n\t\t\t\t\t\t\t\tKiedy kupi\u0142e\u015b bilet?\t\t\t\t\t\t\t<\/label>\n\t\t\t\t\t\t\n\t\t<input type=\"date\" name=\"form_fields[data_zakupu]\" id=\"form-field-data_zakupu\" class=\"elementor-field elementor-size-md  elementor-field-textual elementor-date-field\" placeholder=\"rrrr-mm-dd\" required=\"required\" pattern=\"[0-9]{4}-[0-9]{2}-[0-9]{2}\">\n\t\t\t\t\t\t<\/div>\n\t\t\t\t\t\t\t\t<div class=\"elementor-field-type-select elementor-field-group elementor-column elementor-field-group-rodzaj_biletu elementor-col-33 elementor-field-required elementor-mark-required\">\n\t\t\t\t\t\t\t\t\t\t\t\t<label for=\"form-field-rodzaj_biletu\" class=\"elementor-field-label\">\n\t\t\t\t\t\t\t\tWybierz rodzaj zakupionego biletu\t\t\t\t\t\t\t<\/label>\n\t\t\t\t\t\t\t\t<div class=\"elementor-field elementor-select-wrapper remove-before \">\n\t\t\t<div class=\"select-caret-down-wrapper\">\n\t\t\t\t<svg aria-hidden=\"true\" class=\"e-font-icon-svg e-eicon-caret-down\" viewBox=\"0 0 571.4 571.4\" xmlns=\"http:\/\/www.w3.org\/2000\/svg\"><path d=\"M571 393Q571 407 561 418L311 668Q300 679 286 679T261 668L11 418Q0 407 0 393T11 368 36 357H536Q550 357 561 368T571 393Z\"><\/path><\/svg>\t\t\t<\/div>\n\t\t\t<select name=\"form_fields[rodzaj_biletu]\" id=\"form-field-rodzaj_biletu\" class=\"elementor-field-textual elementor-size-md\" required=\"required\">\n\t\t\t\t\t\t\t\t\t<option value=\"Bilet normalny\">Bilet normalny<\/option>\n\t\t\t\t\t\t\t\t\t<option value=\"Bilet normalny SKM\">Bilet normalny SKM<\/option>\n\t\t\t\t\t\t\t\t\t<option value=\"Bilet normalny KNM\">Bilet normalny KNM<\/option>\n\t\t\t\t\t\t\t\t\t<option value=\"Bilet ulgowy\">Bilet ulgowy<\/option>\n\t\t\t\t\t\t\t\t\t<option value=\"Bilet ulgowy SKM\">Bilet ulgowy SKM<\/option>\n\t\t\t\t\t\t\t\t\t<option value=\"Bilet ulgowy KNM\">Bilet ulgowy KNM<\/option>\n\t\t\t\t\t\t\t\t\t<option value=\"Bilet Rodzinny 2 osoby doros\u0142e + 1 dziecko\">Bilet Rodzinny 2 osoby doros\u0142e + 1 dziecko<\/option>\n\t\t\t\t\t\t\t\t\t<option value=\"Bilet Rodzinny 2 osoby doros\u0142e + 2 dzieci\">Bilet Rodzinny 2 osoby doros\u0142e + 2 dzieci<\/option>\n\t\t\t\t\t\t\t\t\t<option value=\"Bilet Rodzinny SKM 2 osoby doros\u0142e + 1 dziecko\">Bilet Rodzinny SKM 2 osoby doros\u0142e + 1 dziecko<\/option>\n\t\t\t\t\t\t\t\t\t<option value=\"Bilet Rodzinny SKM 2 osoby doros\u0142e + 2 dzieci\">Bilet Rodzinny SKM 2 osoby doros\u0142e + 2 dzieci<\/option>\n\t\t\t\t\t\t\t\t\t<option value=\"Bilet Aktywny senior 60+\">Bilet Aktywny senior 60+<\/option>\n\t\t\t\t\t\t\t\t\t<option value=\"Bilet Rodzinny &quot;Mniej wi\u0119cej&quot; 2 osoby doros\u0142e + 3 dzieci i wi\u0119cej\">Bilet Rodzinny &quot;Mniej wi\u0119cej&quot; 2 osoby doros\u0142e + 3 dzieci i wi\u0119cej<\/option>\n\t\t\t\t\t\t\t\t\t<option value=\"Bilet Rodzinny KDR 2 osoby doros\u0142e + 3 dzieci i wi\u0119cej\">Bilet Rodzinny KDR 2 osoby doros\u0142e + 3 dzieci i wi\u0119cej<\/option>\n\t\t\t\t\t\t\t<\/select>\n\t\t<\/div>\n\t\t\t\t\t\t<\/div>\n\t\t\t\t\t\t\t\t<div class=\"elementor-field-type-number elementor-field-group elementor-column elementor-field-group-numer_biletu elementor-col-33\">\n\t\t\t\t\t\t\t\t\t\t\t\t<label for=\"form-field-numer_biletu\" class=\"elementor-field-label\">\n\t\t\t\t\t\t\t\tPodaj numer biletu\t\t\t\t\t\t\t<\/label>\n\t\t\t\t\t\t\t\t\t<input type=\"number\" name=\"form_fields[numer_biletu]\" id=\"form-field-numer_biletu\" class=\"elementor-field elementor-size-md  elementor-field-textual\" placeholder=\"123456789\" min=\"\" max=\"\" >\n\t\t\t\t\t\t<\/div>\n\t\t\t\t\t\t\t\t<div class=\"elementor-field-type-select elementor-field-group elementor-column elementor-field-group-jaki_problem elementor-col-100 elementor-field-required elementor-mark-required\">\n\t\t\t\t\t\t\t\t\t\t\t\t<label for=\"form-field-jaki_problem\" class=\"elementor-field-label\">\n\t\t\t\t\t\t\t\tJaki napotka\u0142e\u015b\/a\u015b problem?\t\t\t\t\t\t\t<\/label>\n\t\t\t\t\t\t\t\t<div class=\"elementor-field elementor-select-wrapper remove-before \">\n\t\t\t<div class=\"select-caret-down-wrapper\">\n\t\t\t\t<svg aria-hidden=\"true\" class=\"e-font-icon-svg e-eicon-caret-down\" viewBox=\"0 0 571.4 571.4\" xmlns=\"http:\/\/www.w3.org\/2000\/svg\"><path d=\"M571 393Q571 407 561 418L311 668Q300 679 286 679T261 668L11 418Q0 407 0 393T11 368 36 357H536Q550 357 561 368T571 393Z\"><\/path><\/svg>\t\t\t<\/div>\n\t\t\t<select name=\"form_fields[jaki_problem]\" id=\"form-field-jaki_problem\" class=\"elementor-field-textual elementor-size-md\" required=\"required\">\n\t\t\t\t\t\t\t\t\t<option value=\"Nie dosta\u0142em biletu\">Nie dosta\u0142em biletu<\/option>\n\t\t\t\t\t\t\t\t\t<option value=\"Problem z wej\u015bciem na obiekt\">Problem z wej\u015bciem na obiekt<\/option>\n\t\t\t\t\t\t\t\t\t<option value=\"Usun\u0105\u0142em wiadomo\u015b\u0107 z biletem\">Usun\u0105\u0142em wiadomo\u015b\u0107 z biletem<\/option>\n\t\t\t\t\t\t\t\t\t<option value=\"Chc\u0119 zwr\u00f3ci\u0107 niewykorzystany bilet\">Chc\u0119 zwr\u00f3ci\u0107 niewykorzystany bilet<\/option>\n\t\t\t\t\t\t\t\t\t<option value=\"Inne\">Inne<\/option>\n\t\t\t\t\t\t\t<\/select>\n\t\t<\/div>\n\t\t\t\t\t\t<\/div>\n\t\t\t\t\t\t\t\t<div class=\"elementor-field-type-textarea elementor-field-group elementor-column elementor-field-group-opis elementor-col-100 elementor-field-required elementor-mark-required\">\n\t\t\t\t\t\t\t\t\t\t\t\t<label for=\"form-field-opis\" class=\"elementor-field-label\">\n\t\t\t\t\t\t\t\tOpisz sw\u00f3j problem. Pami\u0119taj im wi\u0119cej szczeg\u00f3\u0142\u00f3w tym szybciej uda nam si\u0119 pom\u00f3c.\t\t\t\t\t\t\t<\/label>\n\t\t\t\t\t\t<textarea class=\"elementor-field-textual elementor-field  elementor-size-md\" name=\"form_fields[opis]\" id=\"form-field-opis\" rows=\"4\" placeholder=\"Zam\u00f3wi\u0142em sw\u00f3j bilet przez internet, op\u0142aci\u0142em go pieni\u0105dze zesz\u0142y mi z konta, ale dalej nie mam wiadomo\u015bci z biletem. \" required=\"required\"><\/textarea>\t\t\t\t<\/div>\n\t\t\t\t\t\t\t\t<div class=\"elementor-field-group elementor-column elementor-field-type-submit elementor-col-100 e-form__buttons\">\n\t\t\t\t\t<button class=\"elementor-button elementor-size-sm\" type=\"submit\">\n\t\t\t\t\t\t<span class=\"elementor-button-content-wrapper\">\n\t\t\t\t\t\t\t\t\t\t\t\t\t\t\t\t\t\t\t\t\t\t<span class=\"elementor-button-text\">Wy\u015blij zg\u0142oszenie<\/span>\n\t\t\t\t\t\t\t\t\t\t\t\t\t<\/span>\n\t\t\t\t\t<\/button>\n\t\t\t\t<\/div>\n\t\t\t<\/div>\n\t\t<\/form>\n\t\t\t\t\t\t<\/div>\n\t\t\t\t<\/div>\n\t\t\t\t\t<\/div>\n\t\t\t\t<\/div>\n\t\t\t\t<\/div>\n\t\t","protected":false},"excerpt":{"rendered":"<p>Witaj w systemie reklamacji bilet\u00f3w do Egzotarium w Sosnowcu. Zanim zrobisz zg\u0142oszenie reklamacyjne Po\u015bwi\u0119\u0107 chwil\u0119 czasu i sprawd\u017a nasz dzia\u0142 z najcz\u0119\u015bciej zadawanymi pytaniami.\u00a0 Zakupi\u0142em bilet przez internet i go nie dosta\u0142em Sprawd\u017a w pierwszej kolejno\u015bci dodatkowe foldery na Twojej poczcie elektronicznej &#8211; SPAM, OFERTY, REKLAMY. Mo\u017ce si\u0119 okaza\u0107, \u017ce Tw\u00f3j dostawca poczty zakwalifikowa\u0142 wiadomo\u015b\u0107 [&hellip;]<\/p>\n","protected":false},"author":1,"featured_media":0,"parent":0,"menu_order":0,"comment_status":"closed","ping_status":"closed","template":"elementor_canvas","meta":{"footnotes":""},"class_list":["post-10","page","type-page","status-publish","hentry"],"_links":{"self":[{"href":"https:\/\/reklamacje.cee-egzotarium.sosnowiec.pl\/index.php?rest_route=\/wp\/v2\/pages\/10","targetHints":{"allow":["GET"]}}],"collection":[{"href":"https:\/\/reklamacje.cee-egzotarium.sosnowiec.pl\/index.php?rest_route=\/wp\/v2\/pages"}],"about":[{"href":"https:\/\/reklamacje.cee-egzotarium.sosnowiec.pl\/index.php?rest_route=\/wp\/v2\/types\/page"}],"author":[{"embeddable":true,"href":"https:\/\/reklamacje.cee-egzotarium.sosnowiec.pl\/index.php?rest_route=\/wp\/v2\/users\/1"}],"replies":[{"embeddable":true,"href":"https:\/\/reklamacje.cee-egzotarium.sosnowiec.pl\/index.php?rest_route=%2Fwp%2Fv2%2Fcomments&post=10"}],"version-history":[{"count":73,"href":"https:\/\/reklamacje.cee-egzotarium.sosnowiec.pl\/index.php?rest_route=\/wp\/v2\/pages\/10\/revisions"}],"predecessor-version":[{"id":108,"href":"https:\/\/reklamacje.cee-egzotarium.sosnowiec.pl\/index.php?rest_route=\/wp\/v2\/pages\/10\/revisions\/108"}],"wp:attachment":[{"href":"https:\/\/reklamacje.cee-egzotarium.sosnowiec.pl\/index.php?rest_route=%2Fwp%2Fv2%2Fmedia&parent=10"}],"curies":[{"name":"wp","href":"https:\/\/api.w.org\/{rel}","templated":true}]}}